{"id":1006,"date":"2023-02-28T23:09:00","date_gmt":"2023-02-28T22:09:00","guid":{"rendered":"https:\/\/www.totem-pole.fr\/?page_id=1006"},"modified":"2024-12-30T22:40:33","modified_gmt":"2024-12-30T21:40:33","slug":"prendre-rdv","status":"publish","type":"page","link":"https:\/\/www.totem-pole.fr\/index.php\/prendre-rdv\/","title":{"rendered":"Prendre RDV"},"content":{"rendered":"\n<h2 class=\"wp-block-heading\">Comment nous joindre ?<\/h2>\n\n\n\n<p>Le plus simple est de prendre rendez-vous par t\u00e9l\u00e9phone. Appelez le:<\/p>\n\n\n\n<p class=\"has-text-align-center has-luminous-vivid-orange-color has-text-color has-large-font-size\"><strong>04 20 03 52 48<\/strong><\/p>\n\n\n\n<p class=\"has-text-align-center\">Mail: totempole.electronic@gmail.com<\/p>\n\n\n\n<h2 class=\"wp-block-heading\">Horaires<\/h2>\n\n\n\n<p>Les horaires de pr\u00e9sence en atelier ne sont pas fixe en raison de d\u00e9placements fr\u00e9quents. Toutefois les horaires de r\u00e9ponse au t\u00e9l\u00e9phone sont les suivants:<\/p>\n\n\n\n<p><strong>Du mardi au samedi de 9h-12h et 14h-19h.<\/strong><\/p>\n\n\n\n<p>N&rsquo;h\u00e9sitez pas \u00e0 laisser sonner longtemps et \u00e0 laisser un message avec vos coordonn\u00e9es.<\/p>\n\n\n\n<h2 class=\"wp-block-heading\">Adresse de l&rsquo;atelier<\/h2>\n\n\n\n<p>36 boulevard Paoli<br>1er \u00e9tage milieu<br>20200 Bastia<\/p>\n\n\n\n<p>La pr\u00e9sence de technicien n&rsquo;es pas garantie en raison de fr\u00e9quents d\u00e9placement, il est pr\u00e9f\u00e9rable d&rsquo;appeler au pr\u00e9alable pour prendre rendez-vous.<\/p>\n\n\n\n<h2 class=\"wp-block-heading\">Conditions d&rsquo;utilisation du service:<\/h2>\n\n\n\n<ul>\n<li>Totem pole ne pourra \u00eatre, en aucun cas, tenu responsable d\u2019une quelconque perte des donn\u00e9es personnelles du client. Il est du ressort de ce dernier d\u2019effectuer la sauvegarde de ses donn\u00e9es avant de confier son appareil \u00e0 Totem pole.<\/li>\n\n\n\n<li>La prise en charge du mat\u00e9riel du client ne garantie pas sa r\u00e9paration.<\/li>\n\n\n\n<li>Le client s\u2019engage \u00e0 fournir les informations n\u00e9cessaires au bon d\u00e9roulement de la r\u00e9paration, notamment ses identifiants personnels et mots de passe si n\u00e9cessaire.<\/li>\n\n\n\n<li>Le devis en atelier est gratuit mais Totem pole peut demander le r\u00e8glement d\u2019un certain montant convenu \u00e0 l\u2019avance pour frais de d\u00e9montage et de remontage d\u2019un appareil.<\/li>\n\n\n\n<li>En cas d\u2019annulation de la r\u00e9paration de la part du client et apr\u00e8s acceptation du devis par ce dernier, Totem pole se voit en droit d\u2019exiger le paiement des sommes d\u00e9j\u00e0 engag\u00e9es et du travail d\u00e9j\u00e0 effectu\u00e9 durant le processus de r\u00e9paration.<\/li>\n\n\n\n<li>Il pourra vous \u00eatre demand\u00e9 de verser un acompte pour la r\u00e9paration de votre appareil.<\/li>\n\n\n\n<li>Due \u00e0 la nature particuli\u00e8re de l\u2019activit\u00e9, le client, si il accepte le devis de r\u00e9paration, comprends que la tr\u00e8s grande difficult\u00e9 \u00e0 se procurer certaines pi\u00e8ces n\u00e9cessaires \u00e0 effectuer la r\u00e9paration de son appareil peut parfois engendrer des d\u00e9lais de r\u00e9paration assez longs. Certaines pi\u00e8ces pouvant m\u00eame \u00eatre indisponibles pour la r\u00e9paration de son mat\u00e9riel, n&rsquo;\u00e9tant plus fabriqu\u00e9e par le constructeur par exemple.<\/li>\n\n\n\n<li>Apr\u00e8s notification aupr\u00e8s du client de la n\u00e9cessit\u00e9 de venir r\u00e9cup\u00e9rer son appareil, Totem pole se r\u00e9serve le droit de le d\u00e9truire au-del\u00e0 d\u2019un d\u00e9lais de 3 mois apr\u00e8s notification.<\/li>\n<\/ul>\n","protected":false},"excerpt":{"rendered":"<div class=\"mh-excerpt\"><p>Comment nous joindre ? Le plus simple est de prendre rendez-vous par t\u00e9l\u00e9phone. Appelez le: 04 20 03 52 48 Mail: totempole.electronic@gmail.com Horaires Les horaires <a class=\"mh-excerpt-more\" href=\"https:\/\/www.totem-pole.fr\/index.php\/prendre-rdv\/\" title=\"Prendre RDV\">[&#8230;]<\/a><\/p>\n<\/div>","protected":false},"author":1,"featured_media":0,"parent":0,"menu_order":0,"comment_status":"closed","ping_status":"closed","template":"","meta":{"footnotes":""},"_links":{"self":[{"href":"https:\/\/www.totem-pole.fr\/index.php\/wp-json\/wp\/v2\/pages\/1006"}],"collection":[{"href":"https:\/\/www.totem-pole.fr\/index.php\/wp-json\/wp\/v2\/pages"}],"about":[{"href":"https:\/\/www.totem-pole.fr\/index.php\/wp-json\/wp\/v2\/types\/page"}],"author":[{"embeddable":true,"href":"https:\/\/www.totem-pole.fr\/index.php\/wp-json\/wp\/v2\/users\/1"}],"replies":[{"embeddable":true,"href":"https:\/\/www.totem-pole.fr\/index.php\/wp-json\/wp\/v2\/comments?post=1006"}],"version-history":[{"count":3,"href":"https:\/\/www.totem-pole.fr\/index.php\/wp-json\/wp\/v2\/pages\/1006\/revisions"}],"predecessor-version":[{"id":1064,"href":"https:\/\/www.totem-pole.fr\/index.php\/wp-json\/wp\/v2\/pages\/1006\/revisions\/1064"}],"wp:attachment":[{"href":"https:\/\/www.totem-pole.fr\/index.php\/wp-json\/wp\/v2\/media?parent=1006"}],"curies":[{"name":"wp","href":"https:\/\/api.w.org\/{rel}","templated":true}]}}