{"id":18,"date":"2020-03-17T17:52:31","date_gmt":"2020-03-17T16:52:31","guid":{"rendered":"http:\/\/ocb2b.ddns.net\/?page_id=18"},"modified":"2024-12-30T22:41:03","modified_gmt":"2024-12-30T21:41:03","slug":"contact","status":"publish","type":"page","link":"https:\/\/www.totem-pole.fr\/index.php\/contact\/","title":{"rendered":"Contact"},"content":{"rendered":"\n<h2 class=\"wp-block-heading\">Comment nous joindre ?<\/h2>\n\n\n\n<ul>\n<li>T\u00e9l\u00e9phone: 04 20 03 52 48<\/li>\n\n\n\n<li>Mail: totempole.electronic@gmail.com<\/li>\n<\/ul>\n\n\n\n<h2 class=\"wp-block-heading\">Horaires<\/h2>\n\n\n\n<p>Les horaires de pr\u00e9sence en atelier ne sont pas fixes en raison de d\u00e9placements fr\u00e9quents. Toutefois les horaires de r\u00e9ponse au t\u00e9l\u00e9phone sont les suivants:<\/p>\n\n\n\n<p><strong>Du mardi au samedi de 9h-12h et 14h-19h.<\/strong><\/p>\n\n\n\n<p>N&rsquo;h\u00e9sitez pas \u00e0 laisser sonner longtemps et \u00e0 laisser un message avec vos coordonn\u00e9es.<\/p>\n\n\n\n<h2 class=\"wp-block-heading\">Adresse de l&rsquo;atelier<\/h2>\n\n\n\n<p>36 boulevard Paoli<br>1er \u00e9tage milieu<br>20200 Bastia<\/p>\n\n\n\n<p>La pr\u00e9sence sur place de technicien n&rsquo;es pas garantie en raison de fr\u00e9quents d\u00e9placements, il est pr\u00e9f\u00e9rable d&rsquo;appeler au pr\u00e9alable pour prendre rendez-vous.<\/p>\n\n\n\n<h2 class=\"wp-block-heading\">D\u00e9claration d&rsquo;entreprise<\/h2>\n\n\n\n<p>Totem Pole est enregistr\u00e9 aupr\u00e8s de la chambre des m\u00e9tiers sous l&rsquo;identifiant:<\/p>\n\n\n\n<p>SIRET :  <a href=\"https:\/\/www.societe.com\/etablissement\/totem-pole-50328443200039.html\" target=\"_blank\" rel=\"noreferrer noopener\" aria-label=\" (s\u2019ouvre dans un nouvel onglet)\">50328443200039 <\/a><\/p>\n","protected":false},"excerpt":{"rendered":"<div class=\"mh-excerpt\"><p>Comment nous joindre ? Horaires Les horaires de pr\u00e9sence en atelier ne sont pas fixes en raison de d\u00e9placements fr\u00e9quents. Toutefois les horaires de r\u00e9ponse <a class=\"mh-excerpt-more\" href=\"https:\/\/www.totem-pole.fr\/index.php\/contact\/\" title=\"Contact\">[&#8230;]<\/a><\/p>\n<\/div>","protected":false},"author":1,"featured_media":0,"parent":0,"menu_order":0,"comment_status":"closed","ping_status":"closed","template":"","meta":{"footnotes":""},"_links":{"self":[{"href":"https:\/\/www.totem-pole.fr\/index.php\/wp-json\/wp\/v2\/pages\/18"}],"collection":[{"href":"https:\/\/www.totem-pole.fr\/index.php\/wp-json\/wp\/v2\/pages"}],"about":[{"href":"https:\/\/www.totem-pole.fr\/index.php\/wp-json\/wp\/v2\/types\/page"}],"author":[{"embeddable":true,"href":"https:\/\/www.totem-pole.fr\/index.php\/wp-json\/wp\/v2\/users\/1"}],"replies":[{"embeddable":true,"href":"https:\/\/www.totem-pole.fr\/index.php\/wp-json\/wp\/v2\/comments?post=18"}],"version-history":[{"count":8,"href":"https:\/\/www.totem-pole.fr\/index.php\/wp-json\/wp\/v2\/pages\/18\/revisions"}],"predecessor-version":[{"id":1065,"href":"https:\/\/www.totem-pole.fr\/index.php\/wp-json\/wp\/v2\/pages\/18\/revisions\/1065"}],"wp:attachment":[{"href":"https:\/\/www.totem-pole.fr\/index.php\/wp-json\/wp\/v2\/media?parent=18"}],"curies":[{"name":"wp","href":"https:\/\/api.w.org\/{rel}","templated":true}]}}