{"id":67,"date":"2020-03-17T19:31:38","date_gmt":"2020-03-17T18:31:38","guid":{"rendered":"http:\/\/ocb2b.ddns.net\/?page_id=67"},"modified":"2022-10-27T13:40:28","modified_gmt":"2022-10-27T11:40:28","slug":"mentions-legales","status":"publish","type":"page","link":"https:\/\/www.totem-pole.fr\/index.php\/mentions-legales\/","title":{"rendered":"Mentions l\u00e9gales"},"content":{"rendered":"\n<h2 class=\"wp-block-heading\">Identification<\/h2>\n\n\n<ul>\n<li>Delarue Fr\u00e9d\u00e9ric<\/li>\n<li>36 boulevard Paoli<br data-rich-text-line-break=\"true\" \/>20200 Bastia<\/li>\n<li>0420035248<\/li>\n<li>totempole.electronic@gmail.com<\/li>\n<li>R\u00e9dacteur: Fr\u00e9d\u00e9ric Delarue<\/li>\n<li>H\u00e9bergeur du site: Fr\u00e9d\u00e9ric Delarue<\/li>\n<\/ul>\n\n\n<h2 class=\"wp-block-heading\">Identification d&rsquo;activit\u00e9<\/h2>\n\n\n\n<p> SIRET :  <a rel=\"noreferrer noopener\" href=\"https:\/\/www.societe.com\/etablissement\/totem-pole-50328443200039.html\" target=\"_blank\">50328443200039 <\/a> <\/p>\n\n\n\n<h2 class=\"wp-block-heading\">Mentions relatives \u00e0 l&rsquo;utilisation de cookies<\/h2>\n\n\n\n<p>Ce site internet ne mets en \u0153uvre aucun m\u00e9canisme li\u00e9 \u00e0 l&rsquo;utilisation de cookies.<\/p>\n\n\n\n<h2 class=\"wp-block-heading\">Mentions relatives \u00e0 l&rsquo;utilisation de donn\u00e9es personnelles<\/h2>\n\n\n\n<p>Aucune donn\u00e9e personnelle n&rsquo;est collect\u00e9e dans un but d&rsquo;une quelconque exploitation commerciale.<\/p>\n","protected":false},"excerpt":{"rendered":"<div class=\"mh-excerpt\"><p>Identification Delarue Fr\u00e9d\u00e9ric 36 boulevard Paoli20200 Bastia 0420035248 totempole.electronic@gmail.com R\u00e9dacteur: Fr\u00e9d\u00e9ric Delarue H\u00e9bergeur du site: Fr\u00e9d\u00e9ric Delarue Identification d&rsquo;activit\u00e9 SIRET : 50328443200039 Mentions relatives \u00e0 <a class=\"mh-excerpt-more\" href=\"https:\/\/www.totem-pole.fr\/index.php\/mentions-legales\/\" title=\"Mentions l\u00e9gales\">[&#8230;]<\/a><\/p>\n<\/div>","protected":false},"author":1,"featured_media":0,"parent":0,"menu_order":0,"comment_status":"closed","ping_status":"closed","template":"","meta":{"footnotes":""},"_links":{"self":[{"href":"https:\/\/www.totem-pole.fr\/index.php\/wp-json\/wp\/v2\/pages\/67"}],"collection":[{"href":"https:\/\/www.totem-pole.fr\/index.php\/wp-json\/wp\/v2\/pages"}],"about":[{"href":"https:\/\/www.totem-pole.fr\/index.php\/wp-json\/wp\/v2\/types\/page"}],"author":[{"embeddable":true,"href":"https:\/\/www.totem-pole.fr\/index.php\/wp-json\/wp\/v2\/users\/1"}],"replies":[{"embeddable":true,"href":"https:\/\/www.totem-pole.fr\/index.php\/wp-json\/wp\/v2\/comments?post=67"}],"version-history":[{"count":4,"href":"https:\/\/www.totem-pole.fr\/index.php\/wp-json\/wp\/v2\/pages\/67\/revisions"}],"predecessor-version":[{"id":637,"href":"https:\/\/www.totem-pole.fr\/index.php\/wp-json\/wp\/v2\/pages\/67\/revisions\/637"}],"wp:attachment":[{"href":"https:\/\/www.totem-pole.fr\/index.php\/wp-json\/wp\/v2\/media?parent=67"}],"curies":[{"name":"wp","href":"https:\/\/api.w.org\/{rel}","templated":true}]}}