{"id":690,"date":"2023-01-09T11:43:36","date_gmt":"2023-01-09T10:43:36","guid":{"rendered":"https:\/\/www.totem-pole.fr\/index.php\/page-daccueil\/"},"modified":"2023-01-22T11:36:29","modified_gmt":"2023-01-22T10:36:29","slug":"page-daccueil","status":"publish","type":"page","link":"https:\/\/www.totem-pole.fr\/","title":{"rendered":"Bienvenue chez Totem Pole"},"content":{"rendered":"<div class=\"wp-block-image\">\n<figure class=\"alignright is-resized\"><img decoding=\"async\" src=\"https:\/\/www.totem-pole.fr\/wp-content\/uploads\/2020\/03\/icon_switch-300x192.png\" alt=\"Nintendo Switch\" class=\"wp-image-345\" width=\"170\" srcset=\"https:\/\/www.totem-pole.fr\/wp-content\/uploads\/2020\/03\/icon_switch-300x192.png 300w, https:\/\/www.totem-pole.fr\/wp-content\/uploads\/2020\/03\/icon_switch.png 400w\" sizes=\"(max-width: 300px) 100vw, 300px\" \/><\/figure><\/div>\n\n\n<p>Totem Pole propose des services de r\u00e9paration en informatique. Nous travaillons essentiellement au niveau d&rsquo;ordinateurs portables ou fixes, PC ou Mac ainsi que de consoles de jeu PS4, PS5, Nintendo Switch.<\/p>\n\n\n\n<h2 class=\"wp-block-heading\" id=\"block-f91660b6-59a3-4e1b-a47a-157101176aaa\">Quels sont nos services?<\/h2>\n\n\n<div class=\"wp-block-image\">\n<figure class=\"alignright is-resized\" id=\"block-dff2aa1e-3f5e-429a-8ac0-33343219d483\"><img decoding=\"async\" src=\"https:\/\/www.totem-pole.fr\/wp-content\/uploads\/2020\/03\/icon_ps4.png\" alt=\"PS4\" width=\"191\"\/><\/figure><\/div>\n\n\n<ul id=\"block-dd380ed6-01fe-49a8-967e-7591049dc2e6\">\n<li>Remplacement de ports sur carte \u00e9lectroniques (HDMI, USB, FPC, Chargeur divers, Ethernet, etc.)<\/li>\n\n\n\n<li>Nous effectuons des travaux de micro-soudure pour le remplacement de composants CMS (Composant Mont\u00e9 en Surface).<\/li>\n\n\n\n<li>Nous proposons des r\u00e9parations pour les ordinateurs portables et consoles de jeu.<\/li>\n<\/ul>\n\n\n\n<p class=\"has-text-align-center has-luminous-vivid-orange-color has-text-color has-large-font-size\"><strong>Prenez contact par t\u00e9l\u00e9phone au<\/strong><\/p>\n\n\n\n<p class=\"has-text-align-center has-luminous-vivid-orange-color has-text-color has-large-font-size\"><strong>04 20 03 52 48<\/strong><\/p>\n\n\n\n<p>Apr\u00e8s un entretien t\u00e9l\u00e9phonique pr\u00e9liminaire, nous prendrons rendez-vous pour le d\u00e9p\u00f4t du mat\u00e9riel en atelier ou pour un d\u00e9placement \u00e0 domicile.<\/p>\n\n\n\n<p><strong>En Atelier:<\/strong><\/p>\n\n\n\n<p>Votre appareil sera diagnostiqu\u00e9 et son inspection donnera lieu \u00e0 un devis gratuit qui vous sera soumis.<\/p>\n\n\n\n<p>Apr\u00e8s r\u00e9paration ou non de l&rsquo;\u00e9quipement, un second rendez-vous sera pris pour la r\u00e9cup\u00e9ration du mat\u00e9riel.<\/p>\n\n\n\n<p>Vous ne payez qu&rsquo;au moment de la r\u00e9cup\u00e9ration except\u00e9 si la r\u00e9paration n\u00e9cessite la commande de pi\u00e8ces on\u00e9reuses. Il vous sera demand\u00e9 un acompte.<\/p>\n\n\n\n<p><strong>En d\u00e9placement:<\/strong><\/p>\n\n\n\n<p>Il s&rsquo;agit d&rsquo;un forfait pour 1h d&rsquo;intervention et frais de d\u00e9placement compris.<\/p>\n\n\n\n<p>Si il est n\u00e9cessaire de prolonger le temps d&rsquo;intervention, cela se fera par tranches indivisibles de 30 minutes.<\/p>\n\n\n\n<p>Si il est n\u00e9cessaire d&rsquo;enlever en atelier votre appareil car le d\u00e9pannage n\u00e9cessite un temps d&rsquo;intervention tr\u00e8s long, le retour de votre appareil \u00e0 votre domicile sera gratuit.<\/p>\n\n\n\n<p>Vous ne payez qu&rsquo;au moment de la r\u00e9cup\u00e9ration except\u00e9 si la r\u00e9paration n\u00e9cessite la commande de pi\u00e8ces on\u00e9reuses. Il vous sera demand\u00e9 un acompte.<\/p>\n\n\n\n<p><\/p>\n","protected":false},"excerpt":{"rendered":"<div class=\"mh-excerpt\"><p>Totem Pole propose des services de r\u00e9paration en informatique. Nous travaillons essentiellement au niveau d&rsquo;ordinateurs portables ou fixes, PC ou Mac ainsi que de consoles <a class=\"mh-excerpt-more\" href=\"https:\/\/www.totem-pole.fr\/\" title=\"Bienvenue chez Totem Pole\">[&#8230;]<\/a><\/p>\n<\/div>","protected":false},"author":1,"featured_media":0,"parent":0,"menu_order":0,"comment_status":"closed","ping_status":"closed","template":"","meta":{"footnotes":""},"_links":{"self":[{"href":"https:\/\/www.totem-pole.fr\/index.php\/wp-json\/wp\/v2\/pages\/690"}],"collection":[{"href":"https:\/\/www.totem-pole.fr\/index.php\/wp-json\/wp\/v2\/pages"}],"about":[{"href":"https:\/\/www.totem-pole.fr\/index.php\/wp-json\/wp\/v2\/types\/page"}],"author":[{"embeddable":true,"href":"https:\/\/www.totem-pole.fr\/index.php\/wp-json\/wp\/v2\/users\/1"}],"replies":[{"embeddable":true,"href":"https:\/\/www.totem-pole.fr\/index.php\/wp-json\/wp\/v2\/comments?post=690"}],"version-history":[{"count":5,"href":"https:\/\/www.totem-pole.fr\/index.php\/wp-json\/wp\/v2\/pages\/690\/revisions"}],"predecessor-version":[{"id":702,"href":"https:\/\/www.totem-pole.fr\/index.php\/wp-json\/wp\/v2\/pages\/690\/revisions\/702"}],"wp:attachment":[{"href":"https:\/\/www.totem-pole.fr\/index.php\/wp-json\/wp\/v2\/media?parent=690"}],"curies":[{"name":"wp","href":"https:\/\/api.w.org\/{rel}","templated":true}]}}