{"id":72,"date":"2020-03-17T19:39:53","date_gmt":"2020-03-17T18:39:53","guid":{"rendered":"http:\/\/ocb2b.ddns.net\/?page_id=72"},"modified":"2023-01-23T11:20:51","modified_gmt":"2023-01-23T10:20:51","slug":"pannes","status":"publish","type":"page","link":"https:\/\/www.totem-pole.fr\/index.php\/pannes\/","title":{"rendered":"Pannes"},"content":{"rendered":"\n<p>La nature \u00e9lectrique de nos appareils pr\u00e9f\u00e9r\u00e9s implique la possibilit\u00e9 de tomber en panne pour d&rsquo;obscures raisons et cela sans pr\u00e9venir.<\/p>\n\n\n\n<h2 class=\"wp-block-heading\">Pannes m\u00e9caniques<\/h2>\n\n\n\n<p>Il s&rsquo;agit en fait le plus souvent de pannes li\u00e9es \u00e0 l&rsquo;usure de pi\u00e8ces en mouvement, la manipulation r\u00e9p\u00e9t\u00e9e de boutons, l&rsquo;utilisation intensive d&rsquo;un lecteur de CD ou l&rsquo;introduction r\u00e9p\u00e9t\u00e9e d&rsquo;une cartouche dans un slot de jeu ou d&rsquo;un prise dans un connecteur.<\/p>\n\n\n\n<p>Le fait de faire tomber un appareil peut \u00e9galement entrainer des dysfonctionnement ult\u00e9rieur ou la d\u00e9gradation d&rsquo;un connecteur HDMI ou USB par exemple.<\/p>\n\n\n\n<p>M\u00eame si souvent le remplacement de la pi\u00e8ce cass\u00e9e suffira \u00e0 la remise en \u00e9tat de l&rsquo;appareil, les connecteurs USB ou HDMI sont soud\u00e9s sur les cartes m\u00e8res. En r\u00e8gle g\u00e9n\u00e9ral les r\u00e9parateurs vous conseillent de changer l&rsquo;int\u00e9gralit\u00e9 de la carte m\u00e8re pour un co\u00fbt proche de celui d&rsquo;un appareil neuf. Mais tr\u00e8s souvent, le remplacement de ces connecteurs est possible pour un tarif tr\u00e8s inf\u00e9rieur.<\/p>\n\n\n\n<h2 class=\"wp-block-heading\">Pannes \u00e9lectriques<\/h2>\n\n\n\n<p>De la m\u00eame fa\u00e7on, lorsqu&rsquo;un r\u00e9parateur identifie une panne \u00e9lectrique sur une carte m\u00e8re, il proposera le remplacement de celle-ci \u00e0 un tarif tr\u00e8s peu engageant, vous poussant ainsi plut\u00f4t vers une l&rsquo;option de l&rsquo;achat d&rsquo;un autre appareil.<\/p>\n\n\n\n<p>Toutefois, m\u00eame si cela n&rsquo;est pas toujours le cas, il est souvent possible de r\u00e9parer ces cartes m\u00e8res.<\/p>\n\n\n\n<p>Une bonne connaissance en \u00e9lectronique permet des d\u00e9celer des pannes simples au niveau de l&rsquo;alimentation interne des cartes m\u00e8res. Pour les probl\u00e8mes plus s\u00e9rieux, il faudra mettre en \u0153uvre un temps de recherche important, \u00e0 l&rsquo;aide de sch\u00e9mas \u00e9lectroniques lorsqu&rsquo;ils sont disponibles.<\/p>\n\n\n\n<p>La r\u00e9paration au niveau composant devient donc tr\u00e8s avantageuse du moment ou votre appareil \u00e0 toujours une valeur commerciale \u00e9lev\u00e9e ou une valeur affective particuli\u00e8re (notamment en mati\u00e8re de r\u00e9cup\u00e9ration de donn\u00e9es personnelles ou professionnelles importantes).<\/p>\n\n\n\n<h2 class=\"wp-block-heading\">D\u00e9couvrir ces r\u00e9parations<\/h2>\n\n\n<ul class=\"wp-block-categories-list wp-block-categories\">\t<li class=\"cat-item cat-item-17\"><a href=\"https:\/\/www.totem-pole.fr\/index.php\/category\/apple\/\">Apple<\/a>\n<\/li>\n\t<li class=\"cat-item cat-item-34\"><a href=\"https:\/\/www.totem-pole.fr\/index.php\/category\/autres-reparations\/\">Autres r\u00e9parations<\/a>\n<\/li>\n\t<li class=\"cat-item cat-item-3\"><a href=\"https:\/\/www.totem-pole.fr\/index.php\/category\/consoles\/\">Consoles<\/a>\n<\/li>\n\t<li class=\"cat-item cat-item-7\"><a href=\"https:\/\/www.totem-pole.fr\/index.php\/category\/consoles\/nintendo-switch\/\">Nintendo Switch<\/a>\n<\/li>\n\t<li class=\"cat-item cat-item-1\"><a href=\"https:\/\/www.totem-pole.fr\/index.php\/category\/non-classe\/\">Non class\u00e9<\/a>\n<\/li>\n\t<li class=\"cat-item cat-item-4\"><a href=\"https:\/\/www.totem-pole.fr\/index.php\/category\/pc-portables\/\">PC portables<\/a>\n<\/li>\n\t<li class=\"cat-item cat-item-8\"><a href=\"https:\/\/www.totem-pole.fr\/index.php\/category\/consoles\/ps4\/\">PS4<\/a>\n<\/li>\n\t<li class=\"cat-item cat-item-76\"><a href=\"https:\/\/www.totem-pole.fr\/index.php\/category\/consoles\/ps5\/\">PS5<\/a>\n<\/li>\n\t<li class=\"cat-item cat-item-73\"><a href=\"https:\/\/www.totem-pole.fr\/index.php\/category\/consoles\/xbox-series-s\/\">Xbox Series S<\/a>\n<\/li>\n<\/ul>","protected":false},"excerpt":{"rendered":"<div class=\"mh-excerpt\"><p>La nature \u00e9lectrique de nos appareils pr\u00e9f\u00e9r\u00e9s implique la possibilit\u00e9 de tomber en panne pour d&rsquo;obscures raisons et cela sans pr\u00e9venir. Pannes m\u00e9caniques Il s&rsquo;agit <a class=\"mh-excerpt-more\" href=\"https:\/\/www.totem-pole.fr\/index.php\/pannes\/\" title=\"Pannes\">[&#8230;]<\/a><\/p>\n<\/div>","protected":false},"author":1,"featured_media":0,"parent":0,"menu_order":0,"comment_status":"closed","ping_status":"closed","template":"","meta":{"footnotes":""},"_links":{"self":[{"href":"https:\/\/www.totem-pole.fr\/index.php\/wp-json\/wp\/v2\/pages\/72"}],"collection":[{"href":"https:\/\/www.totem-pole.fr\/index.php\/wp-json\/wp\/v2\/pages"}],"about":[{"href":"https:\/\/www.totem-pole.fr\/index.php\/wp-json\/wp\/v2\/types\/page"}],"author":[{"embeddable":true,"href":"https:\/\/www.totem-pole.fr\/index.php\/wp-json\/wp\/v2\/users\/1"}],"replies":[{"embeddable":true,"href":"https:\/\/www.totem-pole.fr\/index.php\/wp-json\/wp\/v2\/comments?post=72"}],"version-history":[{"count":12,"href":"https:\/\/www.totem-pole.fr\/index.php\/wp-json\/wp\/v2\/pages\/72\/revisions"}],"predecessor-version":[{"id":860,"href":"https:\/\/www.totem-pole.fr\/index.php\/wp-json\/wp\/v2\/pages\/72\/revisions\/860"}],"wp:attachment":[{"href":"https:\/\/www.totem-pole.fr\/index.php\/wp-json\/wp\/v2\/media?parent=72"}],"curies":[{"name":"wp","href":"https:\/\/api.w.org\/{rel}","templated":true}]}}