{"id":921,"date":"2023-02-17T12:31:57","date_gmt":"2023-02-17T11:31:57","guid":{"rendered":"https:\/\/www.totem-pole.fr\/?page_id=921"},"modified":"2023-02-17T12:31:57","modified_gmt":"2023-02-17T11:31:57","slug":"plan-du-site","status":"publish","type":"page","link":"https:\/\/www.totem-pole.fr\/index.php\/plan-du-site\/","title":{"rendered":"Plan du site"},"content":{"rendered":"<div id=\"simple-sitemap-container-69d17a1095faa\" class=\"simple-sitemap-container simple-sitemap-container-69d17a1095faa tab-disabled\"><div class=\"simple-sitemap-wrap\"><h3 class=\"post-type\">Pages<\/h3><ul class=\"simple-sitemap-page main\"><li class=\"sitemap-item page_item page-item-984\"><a href=\"https:\/\/www.totem-pole.fr\/index.php\/backlinks\/\">Backlinks<\/a><\/li>\n<li class=\"sitemap-item page_item page-item-690\"><a href=\"https:\/\/www.totem-pole.fr\/\">Bienvenue chez Totem Pole<\/a><\/li>\n<li class=\"sitemap-item page_item page-item-61\"><a href=\"https:\/\/www.totem-pole.fr\/index.php\/blog\/\">BLOG<\/a><\/li>\n<li class=\"sitemap-item page_item page-item-680\"><a href=\"https:\/\/www.totem-pole.fr\/index.php\/boutique\/\">Boutique<\/a><\/li>\n<li class=\"sitemap-item page_item page-item-16\"><a href=\"https:\/\/www.totem-pole.fr\/index.php\/cgv\/\">CGV<\/a><\/li>\n<li class=\"sitemap-item page_item page-item-18\"><a href=\"https:\/\/www.totem-pole.fr\/index.php\/contact\/\">Contact<\/a><\/li>\n<li class=\"sitemap-item page_item page-item-1053\"><a href=\"https:\/\/www.totem-pole.fr\/index.php\/liens-utiles\/\">Liens utiles<\/a><\/li>\n<li class=\"sitemap-item page_item page-item-67\"><a href=\"https:\/\/www.totem-pole.fr\/index.php\/mentions-legales\/\">Mentions l\u00e9gales<\/a><\/li>\n<li class=\"sitemap-item page_item page-item-683\"><a href=\"https:\/\/www.totem-pole.fr\/index.php\/mon-compte\/\">Mon compte<\/a><\/li>\n<li class=\"sitemap-item page_item page-item-681\"><a href=\"https:\/\/www.totem-pole.fr\/index.php\/panier\/\">Panier<\/a><\/li>\n<li class=\"sitemap-item page_item page-item-72\"><a href=\"https:\/\/www.totem-pole.fr\/index.php\/pannes\/\">Pannes<\/a><\/li>\n<li class=\"sitemap-item page_item page-item-921\"><a href=\"https:\/\/www.totem-pole.fr\/index.php\/plan-du-site\/\">Plan du site<\/a><\/li>\n<li class=\"sitemap-item page_item page-item-1006\"><a href=\"https:\/\/www.totem-pole.fr\/index.php\/prendre-rdv\/\">Prendre RDV<\/a><\/li>\n<li class=\"sitemap-item page_item page-item-682\"><a href=\"https:\/\/www.totem-pole.fr\/index.php\/commander\/\">Validation de la commande<\/a><\/li>\n<\/ul><\/div><\/div><br style=\"clear: both;\">\n\n<div id=\"simple-sitemap-container-69d17a109661b\" class=\"simple-sitemap-container simple-sitemap-container-69d17a109661b\"><h3 class=\"post-type\">Articles<\/h3><div class=\"simple-sitemap-wrap apple\"><h3 class=\"term-tag\">Apple<\/h3><ul class=\"simple-sitemap-post main\"><li class=\"sitemap-item\"><a href=\"https:\/\/www.totem-pole.fr\/index.php\/2020\/07\/23\/macbook-air-2015-qui-a-pris-leau\/\">Macbook Air 2015 qui a pris l&rsquo;eau<\/a><\/li><li class=\"sitemap-item\"><a href=\"https:\/\/www.totem-pole.fr\/index.php\/2020\/09\/02\/macbook-air-2015-qui-ne-demarre-pas\/\">Macbook Air 2015 qui ne d\u00e9marre pas<\/a><\/li><li class=\"sitemap-item\"><a href=\"https:\/\/www.totem-pole.fr\/index.php\/2020\/07\/23\/macbook-air-3-bips\/\">Macbook Air 3 bips<\/a><\/li><li class=\"sitemap-item\"><a href=\"https:\/\/www.totem-pole.fr\/index.php\/2020\/06\/11\/macbook-pro-2011-et-probleme-graphique\/\">Macbook Pro 2011 et probl\u00e8me graphique<\/a><\/li><\/ul><\/div><div class=\"simple-sitemap-wrap autres-reparations\"><h3 class=\"term-tag\">Autres r\u00e9parations<\/h3><ul class=\"simple-sitemap-post main\"><li class=\"sitemap-item\"><a href=\"https:\/\/www.totem-pole.fr\/index.php\/2023\/03\/21\/faire-ses-sauvegardes-avec-windows-file-history\/\">Faire ses sauvegardes avec Windows File History<\/a><\/li><li class=\"sitemap-item\"><a href=\"https:\/\/www.totem-pole.fr\/index.php\/2024\/04\/16\/installer-anydesk-sur-macos-ventura-et-sonoma\/\">Installer Anydesk sur MacOS Ventura et Sonoma<\/a><\/li><li class=\"sitemap-item\"><a href=\"https:\/\/www.totem-pole.fr\/index.php\/2020\/09\/06\/reparation-de-tourne-disque\/\">R\u00e9paration de tourne disque<\/a><\/li><\/ul><\/div><div class=\"simple-sitemap-wrap consoles\"><h3 class=\"term-tag\">Consoles<\/h3><ul class=\"simple-sitemap-post main\"><li class=\"sitemap-item\"><a href=\"https:\/\/www.totem-pole.fr\/index.php\/2020\/09\/10\/nintendo-switch-qui-naffiche-plus-rien-sur-la-tv\/\">Nintendo Switch qui n&rsquo;affiche plus rien sur la TV.<\/a><\/li><li class=\"sitemap-item\"><a href=\"https:\/\/www.totem-pole.fr\/index.php\/2020\/06\/11\/ps4-qui-ne-demarre-pas\/\">PS4 qui ne d\u00e9marre pas<\/a><\/li><li class=\"sitemap-item\"><a href=\"https:\/\/www.totem-pole.fr\/index.php\/2020\/08\/25\/reconstruction-dun-port-hdmi-de-ps4\/\">Reconstruction d&rsquo;un port HDMI de PS4<\/a><\/li><li class=\"sitemap-item\"><a href=\"https:\/\/www.totem-pole.fr\/index.php\/2020\/08\/17\/remplacement-du-connecteur-ecran-dune-nintendo-switch\/\">Remplacement du connecteur \u00e9cran d&rsquo;une Nintendo Switch<\/a><\/li><li class=\"sitemap-item\"><a href=\"https:\/\/www.totem-pole.fr\/index.php\/2020\/08\/25\/remplacement-du-connecteur-usb-c-sur-une-nintendo-switch-lite\/\">Remplacement du connecteur USB-C sur une Nintendo Switch Lite<\/a><\/li><li class=\"sitemap-item\"><a href=\"https:\/\/www.totem-pole.fr\/index.php\/2023\/02\/26\/remplacement-rate-dun-connecteur-de-nintendo-switch-lite\/\">Remplacement rat\u00e9 d&rsquo;un connecteur de Nintendo Switch Lite<\/a><\/li><li class=\"sitemap-item\"><a href=\"https:\/\/www.totem-pole.fr\/index.php\/2020\/03\/19\/reparation-du-connecteur-de-charge-sur-une-nintendo-switch\/\">R\u00e9paration du connecteur de charge sur une Nintendo Switch<\/a><\/li><li class=\"sitemap-item\"><a href=\"https:\/\/www.totem-pole.fr\/index.php\/2023\/01\/22\/reparation-du-connecteur-hdmi-sur-ps5\/\">R\u00e9paration du connecteur HDMI sur PS5<\/a><\/li><li class=\"sitemap-item\"><a href=\"https:\/\/www.totem-pole.fr\/index.php\/2023\/01\/22\/reparation-de-connecteur-hdmi-sur-xbox-series-s\/\">R\u00e9paration du connecteur HDMI sur Xbox Series S<\/a><\/li><li class=\"sitemap-item\"><a href=\"https:\/\/www.totem-pole.fr\/index.php\/2020\/03\/17\/reparation-port-hdmi-ps4-slim\/\">R\u00e9paration du port HDMI sur une PS4 Slim<\/a><\/li><\/ul><\/div><div class=\"simple-sitemap-wrap nintendo-switch\"><h3 class=\"term-tag\">Nintendo Switch<\/h3><ul class=\"simple-sitemap-post main\"><li class=\"sitemap-item\"><a href=\"https:\/\/www.totem-pole.fr\/index.php\/2020\/09\/10\/nintendo-switch-qui-naffiche-plus-rien-sur-la-tv\/\">Nintendo Switch qui n&rsquo;affiche plus rien sur la TV.<\/a><\/li><li class=\"sitemap-item\"><a href=\"https:\/\/www.totem-pole.fr\/index.php\/2020\/08\/17\/remplacement-du-connecteur-ecran-dune-nintendo-switch\/\">Remplacement du connecteur \u00e9cran d&rsquo;une Nintendo Switch<\/a><\/li><li class=\"sitemap-item\"><a href=\"https:\/\/www.totem-pole.fr\/index.php\/2020\/08\/25\/remplacement-du-connecteur-usb-c-sur-une-nintendo-switch-lite\/\">Remplacement du connecteur USB-C sur une Nintendo Switch Lite<\/a><\/li><li class=\"sitemap-item\"><a href=\"https:\/\/www.totem-pole.fr\/index.php\/2023\/02\/26\/remplacement-rate-dun-connecteur-de-nintendo-switch-lite\/\">Remplacement rat\u00e9 d&rsquo;un connecteur de Nintendo Switch Lite<\/a><\/li><li class=\"sitemap-item\"><a href=\"https:\/\/www.totem-pole.fr\/index.php\/2020\/03\/19\/reparation-du-connecteur-de-charge-sur-une-nintendo-switch\/\">R\u00e9paration du connecteur de charge sur une Nintendo Switch<\/a><\/li><\/ul><\/div><div class=\"simple-sitemap-wrap non-classe\"><h3 class=\"term-tag\">Non class\u00e9<\/h3><ul class=\"simple-sitemap-post main\"><li class=\"sitemap-item\"><a href=\"https:\/\/www.totem-pole.fr\/index.php\/2024\/04\/16\/installer-anydesk-sur-macos-ventura-et-sonoma\/\">Installer Anydesk sur MacOS Ventura et Sonoma<\/a><\/li><\/ul><\/div><div class=\"simple-sitemap-wrap pc-portables\"><h3 class=\"term-tag\">PC portables<\/h3><ul class=\"simple-sitemap-post main\"><li class=\"sitemap-item\"><a href=\"https:\/\/www.totem-pole.fr\/index.php\/2022\/11\/21\/freeze-du-bios\/\">Freeze du BIOS<\/a><\/li><li class=\"sitemap-item\"><a href=\"https:\/\/www.totem-pole.fr\/index.php\/2023\/01\/25\/recuperation-de-donnees-sur-un-pc-thomson\/\">R\u00e9cup\u00e9ration de donn\u00e9es sur un PC Thomson<\/a><\/li><li class=\"sitemap-item\"><a href=\"https:\/\/www.totem-pole.fr\/index.php\/2023\/02\/15\/reparation-dun-ordinateur-asus-x540jl-qui-ne-demarre-pas\/\">R\u00e9paration d&rsquo;un ordinateur Asus x540jl qui ne d\u00e9marre pas<\/a><\/li><\/ul><\/div><div class=\"simple-sitemap-wrap ps4\"><h3 class=\"term-tag\">PS4<\/h3><ul class=\"simple-sitemap-post main\"><li class=\"sitemap-item\"><a href=\"https:\/\/www.totem-pole.fr\/index.php\/2020\/06\/11\/ps4-qui-ne-demarre-pas\/\">PS4 qui ne d\u00e9marre pas<\/a><\/li><li class=\"sitemap-item\"><a href=\"https:\/\/www.totem-pole.fr\/index.php\/2020\/08\/25\/reconstruction-dun-port-hdmi-de-ps4\/\">Reconstruction d&rsquo;un port HDMI de PS4<\/a><\/li><li class=\"sitemap-item\"><a href=\"https:\/\/www.totem-pole.fr\/index.php\/2020\/03\/17\/reparation-port-hdmi-ps4-slim\/\">R\u00e9paration du port HDMI sur une PS4 Slim<\/a><\/li><\/ul><\/div><div class=\"simple-sitemap-wrap ps5\"><h3 class=\"term-tag\">PS5<\/h3><ul class=\"simple-sitemap-post main\"><li class=\"sitemap-item\"><a href=\"https:\/\/www.totem-pole.fr\/index.php\/2023\/01\/22\/reparation-du-connecteur-hdmi-sur-ps5\/\">R\u00e9paration du connecteur HDMI sur PS5<\/a><\/li><\/ul><\/div><div class=\"simple-sitemap-wrap xbox-series-s\"><h3 class=\"term-tag\">Xbox Series S<\/h3><ul class=\"simple-sitemap-post main\"><li class=\"sitemap-item\"><a href=\"https:\/\/www.totem-pole.fr\/index.php\/2023\/01\/22\/reparation-de-connecteur-hdmi-sur-xbox-series-s\/\">R\u00e9paration du connecteur HDMI sur Xbox Series S<\/a><\/li><\/ul><\/div><\/div><br style=\"clear: both\">","protected":false},"excerpt":{"rendered":"<div class=\"mh-excerpt\"><\/div>","protected":false},"author":1,"featured_media":0,"parent":0,"menu_order":0,"comment_status":"closed","ping_status":"closed","template":"","meta":{"footnotes":""},"_links":{"self":[{"href":"https:\/\/www.totem-pole.fr\/index.php\/wp-json\/wp\/v2\/pages\/921"}],"collection":[{"href":"https:\/\/www.totem-pole.fr\/index.php\/wp-json\/wp\/v2\/pages"}],"about":[{"href":"https:\/\/www.totem-pole.fr\/index.php\/wp-json\/wp\/v2\/types\/page"}],"author":[{"embeddable":true,"href":"https:\/\/www.totem-pole.fr\/index.php\/wp-json\/wp\/v2\/users\/1"}],"replies":[{"embeddable":true,"href":"https:\/\/www.totem-pole.fr\/index.php\/wp-json\/wp\/v2\/comments?post=921"}],"version-history":[{"count":1,"href":"https:\/\/www.totem-pole.fr\/index.php\/wp-json\/wp\/v2\/pages\/921\/revisions"}],"predecessor-version":[{"id":922,"href":"https:\/\/www.totem-pole.fr\/index.php\/wp-json\/wp\/v2\/pages\/921\/revisions\/922"}],"wp:attachment":[{"href":"https:\/\/www.totem-pole.fr\/index.php\/wp-json\/wp\/v2\/media?parent=921"}],"curies":[{"name":"wp","href":"https:\/\/api.w.org\/{rel}","templated":true}]}}