{"id":984,"date":"2023-02-26T16:41:47","date_gmt":"2023-02-26T15:41:47","guid":{"rendered":"https:\/\/www.totem-pole.fr\/?page_id=984"},"modified":"2024-06-13T13:27:34","modified_gmt":"2024-06-13T11:27:34","slug":"backlinks","status":"publish","type":"page","link":"https:\/\/www.totem-pole.fr\/index.php\/backlinks\/","title":{"rendered":"Backlinks"},"content":{"rendered":"<div class=\"wp-block-image\">\n<figure class=\"aligncenter size-full is-resized\"><img loading=\"lazy\" decoding=\"async\" width=\"512\" height=\"512\" src=\"https:\/\/www.totem-pole.fr\/wp-content\/uploads\/2023\/02\/backlink.png\" alt=\"Backlink\" class=\"wp-image-988\" style=\"width:256px;height:256px\" srcset=\"https:\/\/www.totem-pole.fr\/wp-content\/uploads\/2023\/02\/backlink.png 512w, https:\/\/www.totem-pole.fr\/wp-content\/uploads\/2023\/02\/backlink-300x300.png 300w, https:\/\/www.totem-pole.fr\/wp-content\/uploads\/2023\/02\/backlink-150x150.png 150w, https:\/\/www.totem-pole.fr\/wp-content\/uploads\/2023\/02\/backlink-100x100.png 100w\" sizes=\"(max-width: 512px) 100vw, 512px\" \/><\/figure><\/div>\n\n\n<p>Des liens vers des sites int\u00e9ressants, partenaires ou bien amis.<\/p>\n\n\n\n<h2 class=\"wp-block-heading\">Photo<\/h2>\n\n\n\n<p><a rel=\"noreferrer noopener\" href=\"https:\/\/www.borgophoto.com\/\" target=\"_blank\">Borgo Photo<\/a> &#8211; Photos d&rsquo;art ou d&rsquo;identit\u00e9 sur Borgo.<\/p>\n\n\n\n<h2 class=\"wp-block-heading\">Forums<\/h2>\n\n\n\n<p><a rel=\"noreferrer noopener\" href=\"https:\/\/www.eevblog.com\/forum\/\" target=\"_blank\">EEV Blog Forum<\/a> &#8211; Le forum de la fameuse cha\u00eene Youtube consacr\u00e9e \u00e0 l&rsquo;\u00e9lectronique.<\/p>\n\n\n\n<h2 class=\"wp-block-heading\">Tout sur les macs<\/h2>\n\n\n\n<p><a href=\"https:\/\/everymac.com\/\">EveryMac<\/a> &#8211; Toutes les r\u00e9f\u00e9rences de Mac.<\/p>\n\n\n\n<h2 class=\"wp-block-heading\">Apprendre l&rsquo;informatique<\/h2>\n\n\n\n<p><a href=\"https:\/\/www.premiers-clics.fr\/cours-informatique\/\">Premiers clics<\/a> &#8211; Apprenez les bases de l&rsquo;utilisation d&rsquo;un ordinateur.<\/p>\n\n\n\n<h2 class=\"wp-block-heading\">Prise en main \u00e0 distance<\/h2>\n\n\n\n<p><a href=\"https:\/\/anydesk.com\/fr\/downloads\/windows\">AnyDesk<\/a> &#8211; Outil de prise en main \u00e0 distance.<\/p>\n\n\n\n<p><a href=\"https:\/\/rustdesk.com\/download\">RustDesk<\/a> &#8211; Outil de prise en main \u00e0 distance.<\/p>\n","protected":false},"excerpt":{"rendered":"<div class=\"mh-excerpt\"><p>Des liens vers des sites int\u00e9ressants, partenaires ou bien amis. Photo Borgo Photo &#8211; Photos d&rsquo;art ou d&rsquo;identit\u00e9 sur Borgo. Forums EEV Blog Forum &#8211; <a class=\"mh-excerpt-more\" href=\"https:\/\/www.totem-pole.fr\/index.php\/backlinks\/\" title=\"Backlinks\">[&#8230;]<\/a><\/p>\n<\/div>","protected":false},"author":1,"featured_media":988,"parent":0,"menu_order":0,"comment_status":"closed","ping_status":"closed","template":"","meta":{"footnotes":""},"_links":{"self":[{"href":"https:\/\/www.totem-pole.fr\/index.php\/wp-json\/wp\/v2\/pages\/984"}],"collection":[{"href":"https:\/\/www.totem-pole.fr\/index.php\/wp-json\/wp\/v2\/pages"}],"about":[{"href":"https:\/\/www.totem-pole.fr\/index.php\/wp-json\/wp\/v2\/types\/page"}],"author":[{"embeddable":true,"href":"https:\/\/www.totem-pole.fr\/index.php\/wp-json\/wp\/v2\/users\/1"}],"replies":[{"embeddable":true,"href":"https:\/\/www.totem-pole.fr\/index.php\/wp-json\/wp\/v2\/comments?post=984"}],"version-history":[{"count":11,"href":"https:\/\/www.totem-pole.fr\/index.php\/wp-json\/wp\/v2\/pages\/984\/revisions"}],"predecessor-version":[{"id":1051,"href":"https:\/\/www.totem-pole.fr\/index.php\/wp-json\/wp\/v2\/pages\/984\/revisions\/1051"}],"wp:featuredmedia":[{"embeddable":true,"href":"https:\/\/www.totem-pole.fr\/index.php\/wp-json\/wp\/v2\/media\/988"}],"wp:attachment":[{"href":"https:\/\/www.totem-pole.fr\/index.php\/wp-json\/wp\/v2\/media?parent=984"}],"curies":[{"name":"wp","href":"https:\/\/api.w.org\/{rel}","templated":true}]}}